{"id":26,"date":"2018-01-26T08:33:03","date_gmt":"2018-01-26T07:33:03","guid":{"rendered":"http:\/\/utoe.ch\/?page_id=26"},"modified":"2025-06-18T09:05:55","modified_gmt":"2025-06-18T07:05:55","slug":"capanna-bovarina","status":"publish","type":"page","link":"https:\/\/utoe.ch\/?page_id=26","title":{"rendered":"Capanna Bovarina"},"content":{"rendered":"<p>[et_pb_section fb_built=&#8221;1&#8243; fullwidth=&#8221;on&#8221; _builder_version=&#8221;4.16&#8243; global_colors_info=&#8221;{}&#8221;][et_pb_fullwidth_header title=&#8221;CAPANNA BOVARINA&#8221; _builder_version=&#8221;4.16&#8243; title_font=&#8221;Archivo Black||||||||&#8221; title_text_color=&#8221;#0c71c3&#8243; background_color=&#8221;rgba(255, 255, 255, 0)&#8221; background_layout=&#8221;light&#8221; title_text_shadow_style=&#8221;preset2&#8243; title_text_shadow_color=&#8221;rgba(12,155,211,0.4)&#8221; global_colors_info=&#8221;{}&#8221; button_one_text_size__hover_enabled=&#8221;off&#8221; button_two_text_size__hover_enabled=&#8221;off&#8221; button_one_text_color__hover_enabled=&#8221;off&#8221; button_two_text_color__hover_enabled=&#8221;off&#8221; button_one_border_width__hover_enabled=&#8221;off&#8221; button_two_border_width__hover_enabled=&#8221;off&#8221; button_one_border_color__hover_enabled=&#8221;off&#8221; button_two_border_color__hover_enabled=&#8221;off&#8221; button_one_border_radius__hover_enabled=&#8221;off&#8221; button_two_border_radius__hover_enabled=&#8221;off&#8221; button_one_letter_spacing__hover_enabled=&#8221;off&#8221; button_two_letter_spacing__hover_enabled=&#8221;off&#8221; button_one_bg_color__hover_enabled=&#8221;off&#8221; button_two_bg_color__hover_enabled=&#8221;off&#8221;][\/et_pb_fullwidth_header][\/et_pb_section][et_pb_section fb_built=&#8221;1&#8243; _builder_version=&#8221;4.16&#8243; global_colors_info=&#8221;{}&#8221;][et_pb_row _builder_version=&#8221;4.16&#8243; background_size=&#8221;initial&#8221; background_position=&#8221;top_left&#8221; background_repeat=&#8221;repeat&#8221; global_colors_info=&#8221;{}&#8221;][et_pb_column type=&#8221;4_4&#8243; _builder_version=&#8221;4.16&#8243; custom_padding=&#8221;|||&#8221; global_colors_info=&#8221;{}&#8221; custom_padding__hover=&#8221;|||&#8221;][et_pb_text _builder_version=&#8221;4.16&#8243; text_orientation=&#8221;justified&#8221; global_colors_info=&#8221;{}&#8221;]<\/p>\n<p style=\"text-align: center;\"><iframe loading=\"lazy\" style=\"border: 0;\" src=\"https:\/\/map.geo.admin.ch\/embed.html?lang=it&amp;topic=ech&amp;bgLayer=ch.swisstopo.pixelkarte-farbe&amp;layers=ch.swisstopo.zeitreihen,ch.bfs.gebaeude_wohnungs_register,ch.bav.haltestellen-oev,ch.swisstopo.swisstlm3d-wanderwege,KML%7C%7Chttps:%2F%2Fpublic.geo.admin.ch%2Fzs55Yy84R1ye1xUH9fQCeQ&amp;layers_visibility=false,false,false,false,true&amp;layers_timestamp=18641231,,,,&amp;E=2711190.89&amp;N=1157382.05&amp;zoom=8\" width=\"800\" height=\"600\" frameborder=\"0\"><\/iframe><\/p>\n<p>La capanna si trova in Val di Campo, all\u2019inizio dell\u2019Alpe di Boverina. E\u2019 un punto di partenza e d\u2019arrivo di camminate attraverso regioni alpine di una bellezza particolare. E\u2019 stata rimodernata nel 1997 e si presenta molto accogliente e d\u00e0 la possibilit\u00e0 di soggiorno sia ad escursionisti che cercano passeggiate di medio impegno che chi \u00e8 pi\u00f9 esigente.<\/p>\n<p>Amanti delle Bike? Nessun problema scoprite una vasta scelta di itinerari su&nbsp;<a href=\"http:\/\/www.bleniobike.ch\/it\/\">http:\/\/www.bleniobike.ch\/it\/<\/a><br \/>\n[\/et_pb_text][\/et_pb_column][\/et_pb_row][et_pb_row column_structure=&#8221;1_3,1_3,1_3&#8243; _builder_version=&#8221;4.16&#8243; background_size=&#8221;initial&#8221; background_position=&#8221;top_left&#8221; background_repeat=&#8221;repeat&#8221; global_colors_info=&#8221;{}&#8221;][et_pb_column type=&#8221;1_3&#8243; _builder_version=&#8221;4.16&#8243; custom_padding=&#8221;|||&#8221; global_colors_info=&#8221;{}&#8221; custom_padding__hover=&#8221;|||&#8221;][et_pb_image src=&#8221;https:\/\/utoe.ch\/wp-content\/uploads\/2018\/04\/28783121_1236390626493284_7289133233743801349_n.jpg&#8221; show_in_lightbox=&#8221;on&#8221; use_overlay=&#8221;on&#8221; hover_icon=&#8221;&#x55;||divi||400&#8243; align_tablet=&#8221;center&#8221; align_phone=&#8221;&#8221; align_last_edited=&#8221;on|desktop&#8221; _builder_version=&#8221;4.27.4&#8243; always_center_on_mobile=&#8221;on&#8221; global_colors_info=&#8221;{}&#8221;][\/et_pb_image][\/et_pb_column][et_pb_column type=&#8221;1_3&#8243; _builder_version=&#8221;4.16&#8243; custom_padding=&#8221;|||&#8221; global_colors_info=&#8221;{}&#8221; custom_padding__hover=&#8221;|||&#8221;][et_pb_image src=&#8221;https:\/\/utoe.ch\/wp-content\/uploads\/2018\/04\/22140759_1144790418986639_276890929984471434_n.jpg&#8221; show_in_lightbox=&#8221;on&#8221; use_overlay=&#8221;on&#8221; hover_icon=&#8221;&#x55;||divi||400&#8243; align_tablet=&#8221;center&#8221; align_phone=&#8221;&#8221; align_last_edited=&#8221;on|desktop&#8221; _builder_version=&#8221;4.27.4&#8243; always_center_on_mobile=&#8221;on&#8221; global_colors_info=&#8221;{}&#8221;][\/et_pb_image][\/et_pb_column][et_pb_column type=&#8221;1_3&#8243; _builder_version=&#8221;4.16&#8243; custom_padding=&#8221;|||&#8221; global_colors_info=&#8221;{}&#8221; custom_padding__hover=&#8221;|||&#8221;][et_pb_image src=&#8221;https:\/\/utoe.ch\/wp-content\/uploads\/2018\/04\/20708246_1115159938616354_2812673289927243367_n.jpg&#8221; show_in_lightbox=&#8221;on&#8221; use_overlay=&#8221;on&#8221; hover_icon=&#8221;&#x55;||divi||400&#8243; align_tablet=&#8221;center&#8221; align_phone=&#8221;&#8221; align_last_edited=&#8221;on|desktop&#8221; _builder_version=&#8221;4.16&#8243; always_center_on_mobile=&#8221;on&#8221; global_colors_info=&#8221;{}&#8221;][\/et_pb_image][\/et_pb_column][\/et_pb_row][et_pb_row column_structure=&#8221;1_3,1_3,1_3&#8243; _builder_version=&#8221;4.16&#8243; background_size=&#8221;initial&#8221; background_position=&#8221;top_left&#8221; background_repeat=&#8221;repeat&#8221; global_colors_info=&#8221;{}&#8221;][et_pb_column type=&#8221;1_3&#8243; _builder_version=&#8221;4.16&#8243; custom_padding=&#8221;|||&#8221; global_colors_info=&#8221;{}&#8221; custom_padding__hover=&#8221;|||&#8221;][et_pb_image src=&#8221;https:\/\/utoe.ch\/wp-content\/uploads\/2025\/06\/1749216332780N-scaled.jpg&#8221; title_text=&#8221;1749216332780N&#8221; show_in_lightbox=&#8221;on&#8221; use_overlay=&#8221;on&#8221; hover_icon=&#8221;&#x55;||divi||400&#8243; force_fullwidth=&#8221;on&#8221; align_tablet=&#8221;center&#8221; align_phone=&#8221;&#8221; align_last_edited=&#8221;on|desktop&#8221; _builder_version=&#8221;4.27.4&#8243; always_center_on_mobile=&#8221;on&#8221; global_colors_info=&#8221;{}&#8221;][\/et_pb_image][\/et_pb_column][et_pb_column type=&#8221;1_3&#8243; _builder_version=&#8221;4.16&#8243; custom_padding=&#8221;|||&#8221; global_colors_info=&#8221;{}&#8221; custom_padding__hover=&#8221;|||&#8221;][et_pb_image src=&#8221;https:\/\/utoe.ch\/wp-content\/uploads\/2025\/06\/1749216600327N.jpg&#8221; title_text=&#8221;1749216600327N&#8221; show_in_lightbox=&#8221;on&#8221; use_overlay=&#8221;on&#8221; hover_icon=&#8221;&#x55;||divi||400&#8243; align_tablet=&#8221;center&#8221; align_phone=&#8221;&#8221; align_last_edited=&#8221;on|desktop&#8221; _builder_version=&#8221;4.27.4&#8243; always_center_on_mobile=&#8221;on&#8221; global_colors_info=&#8221;{}&#8221;][\/et_pb_image][\/et_pb_column][et_pb_column type=&#8221;1_3&#8243; _builder_version=&#8221;4.16&#8243; custom_padding=&#8221;|||&#8221; global_colors_info=&#8221;{}&#8221; custom_padding__hover=&#8221;|||&#8221;][et_pb_image src=&#8221;https:\/\/utoe.ch\/wp-content\/uploads\/2025\/06\/1749216748688N-scaled.jpg&#8221; title_text=&#8221;1749216748688N&#8221; show_in_lightbox=&#8221;on&#8221; use_overlay=&#8221;on&#8221; hover_icon=&#8221;&#x55;||divi||400&#8243; align_tablet=&#8221;center&#8221; align_phone=&#8221;&#8221; align_last_edited=&#8221;on|desktop&#8221; _builder_version=&#8221;4.27.4&#8243; always_center_on_mobile=&#8221;on&#8221; global_colors_info=&#8221;{}&#8221;][\/et_pb_image][\/et_pb_column][\/et_pb_row][et_pb_row _builder_version=&#8221;4.27.4&#8243; _module_preset=&#8221;default&#8221; custom_padding=&#8221;5px|||||&#8221;][et_pb_column _builder_version=&#8221;4.27.4&#8243; _module_preset=&#8221;default&#8221; type=&#8221;4_4&#8243;][et_pb_cta button_url=&#8221;https:\/\/www.hut-reservation.org\/reservation\/book-hut\/49\/wizard&#8221; url_new_window=&#8221;on&#8221; button_text=&#8221;Prenotazione online&#8221; _builder_version=&#8221;4.27.4&#8243; _module_preset=&#8221;default&#8221; header_font=&#8221;||||on||||&#8221; custom_button=&#8221;on&#8221; button_text_size=&#8221;25px&#8221; button_text_color=&#8221;#ffffff&#8221; button_bg_color=&#8221;#E09900&#8243; button_bg_use_color_gradient=&#8221;on&#8221; button_border_width=&#8221;3px&#8221; button_border_color=&#8221;#0C71C3&#8243; animation_style=&#8221;zoom&#8221; hover_enabled=&#8221;0&#8243; button_text_shadow_style=&#8221;preset1&#8243; box_shadow_style=&#8221;preset1&#8243; box_shadow_style_button=&#8221;preset2&#8243; global_colors_info=&#8221;{}&#8221; theme_builder_area=&#8221;post_content&#8221; sticky_enabled=&#8221;0&#8243; button_on_hover=&#8221;off&#8221;]<\/p>\n<div class=\"\"><\/div>\n<div class=\"\"><\/div>\n<div class=\"\">\n<div class=\"\" style=\"text-align: center;\"><\/div>\n<\/div>\n<p>[\/et_pb_cta][\/et_pb_column][\/et_pb_row][et_pb_row _builder_version=&#8221;4.16&#8243; background_size=&#8221;initial&#8221; background_position=&#8221;top_left&#8221; background_repeat=&#8221;repeat&#8221; global_colors_info=&#8221;{}&#8221;][et_pb_column type=&#8221;4_4&#8243; _builder_version=&#8221;4.16&#8243; custom_padding=&#8221;|||&#8221; global_colors_info=&#8221;{}&#8221; custom_padding__hover=&#8221;|||&#8221;][et_pb_text _builder_version=&#8221;4.16&#8243; global_colors_info=&#8221;{}&#8221;]\n<table id=\"tablepress-3\" class=\"tablepress tablepress-id-3\">\n<tbody class=\"row-striping row-hover\">\n<tr class=\"row-1\">\n\t<td class=\"column-1\">Altitudine<\/td><td class=\"column-2\">1'870 m<\/td>\n<\/tr>\n<tr class=\"row-2\">\n\t<td class=\"column-1\">Telefono<\/td><td class=\"column-2\">Tel. +41 (0)91 872 15 29<\/td>\n<\/tr>\n<tr class=\"row-3\">\n\t<td class=\"column-1\">Natel<\/td><td class=\"column-2\">la copertura in capanna \u00e8 abbastanza buona<\/td>\n<\/tr>\n<tr class=\"row-4\">\n\t<td class=\"column-1\">Ubicazione<\/td><td class=\"column-2\">Valle di Campo, Comune di Blenio (Campo)<\/td>\n<\/tr>\n<tr class=\"row-5\">\n\t<td class=\"column-1\">Carte<\/td><td class=\"column-2\">1:25'000: 1253 Olivone<br \/>\n1:50'000: 266 Leventina<\/td>\n<\/tr>\n<tr class=\"row-6\">\n\t<td class=\"column-1\">Coordinate<\/td><td class=\"column-2\">711.250 \/ 157.600<\/td>\n<\/tr>\n<tr class=\"row-7\">\n\t<td class=\"column-1\">Posti<\/td><td class=\"column-2\">42 (18\/8\/8\/8)<\/td>\n<\/tr>\n<tr class=\"row-8\">\n\t<td class=\"column-1\">Apertura porta<\/td><td class=\"column-2\">sempre aperti<\/td>\n<\/tr>\n<tr class=\"row-9\">\n\t<td class=\"column-1\">Presenza guardiano<\/td><td class=\"column-2\">La capanna \u00e8 custodita da met\u00e0 giugno a fine ottobre.<br \/>\nIn assenza dei custodi sono a disposizione degli ospiti il locale invernale con 24 posti a sedere munito di cucina a gas e stufa a legna, la stanza da 18 posti letto e un WC.<br \/>\nDurante il periodo invernale contattare direttamente il guardiano.<\/td>\n<\/tr>\n<tr class=\"row-10\">\n\t<td class=\"column-1\">Servizi<\/td><td class=\"column-2\">La nostra cucina \u00e8 una cucina semplice e genuina, fatta con prodotti tipici ticinesi e della Valle di Blenio. Ogni giorno sforniamo torte fatte in casa. La mezza pensione comprende cena, pernottamento e prima colazione. Fateci sapere per tempo se soffrite di allergie o intolleranze alimentari, cos\u00ec da potervi preparare un men\u00f9 adeguato!<\/td>\n<\/tr>\n<tr class=\"row-11\">\n\t<td class=\"column-1\">Bibite<\/td><td class=\"column-2\">in presenza e anche in assenza del guardiano<\/td>\n<\/tr>\n<tr class=\"row-12\">\n\t<td class=\"column-1\">Vie di accesso<\/td><td class=\"column-2\">da Campo Blenio ore 2 e 30, dall'Alpe Predasca 30 min,<br \/>\ndal Passo del Lucomagno 2 ore e 30<br \/>\nInvernale: da Campo Blenio in 3 ore <\/td>\n<\/tr>\n<tr class=\"row-13\">\n\t<td class=\"column-1\">Guardiano<\/td><td class=\"column-2\">Alessandra Bernardi e Richard Pedditzi<br \/>\n<br \/>\nRISERVAZIONI <br \/>\nTramite il sito della capanna o via e-mail<br \/>\n<br \/>\n<a href=\"http:\/\/www.bovarina.ch\" rel=\"noopener noreferrer\" target=\"_blank\">www.bovarina.ch<\/a><br \/>\n<a href=\"mailto:capannabovarina@gmail.com\">capannabovarina(at)gmail.com<\/a><br \/>\n<\/td>\n<\/tr>\n<tr class=\"row-14\">\n\t<td class=\"column-1\">Amministratore<\/td><td class=\"column-2\">Guidi Mauro<br \/>\nTel. +41 79 337 11 02 <\/td>\n<\/tr>\n<tr class=\"row-15\">\n\t<td class=\"column-1\">Internet<\/td><td class=\"column-2\"><a href=\"http:\/\/www.bovarina.ch\" rel=\"noopener noreferrer\" target=\"_blank\">www.bovarina.ch<\/a><br \/>\n<a href=\"http:\/\/www.capanneti.ch\" rel=\"noopener noreferrer\" target=\"_blank\">www.capanneti.ch<\/a><br \/>\n<\/td>\n<\/tr>\n<tr class=\"row-16\">\n\t<td class=\"column-1\">Complementi<\/td><td class=\"column-2\">3 servizi interni<br \/>\nDoccia (Fr. 5.-)<br \/>\nStanze con coperte di lana e piumoni<br \/>\nCucina invernale a legna e gas.<br \/>\n<\/td>\n<\/tr>\n<tr class=\"row-17\">\n\t<td class=\"column-1\">Pagamenti<\/td><td class=\"column-2\">Il pagamento \u00e8 possibile in contanti, con carta di credito (a partire da fr. 10.-), bancomat o Twint (a partire da fr. 5.-).<\/td>\n<\/tr>\n<\/tbody>\n<\/table>\n<!-- #tablepress-3 from cache --><br \/>\n[\/et_pb_text][\/et_pb_column][\/et_pb_row][\/et_pb_section]<\/p>\n","protected":false},"excerpt":{"rendered":"<p>La capanna si trova in Val di Campo, all\u2019inizio dell\u2019Alpe di Boverina. E\u2019 un punto di partenza e d\u2019arrivo di camminate attraverso regioni alpine di una bellezza particolare. E\u2019 stata rimodernata nel 1997 e si presenta molto accogliente e d\u00e0 la possibilit\u00e0 di soggiorno sia ad escursionisti che cercano passeggiate di medio impegno che chi [&hellip;]<\/p>\n","protected":false},"author":1,"featured_media":0,"parent":0,"menu_order":0,"comment_status":"closed","ping_status":"closed","template":"","meta":{"_et_pb_use_builder":"on","_et_pb_old_content":"<p><iframe style=\"border: 0;\" src=\"https:\/\/map.geo.admin.ch\/embed.html?lang=it&topic=ech&bgLayer=ch.swisstopo.pixelkarte-farbe&layers=ch.swisstopo.zeitreihen,ch.bfs.gebaeude_wohnungs_register,ch.bav.haltestellen-oev,ch.swisstopo.swisstlm3d-wanderwege,KML%7C%7Chttps:%2F%2Fpublic.geo.admin.ch%2Fzs55Yy84R1ye1xUH9fQCeQ&layers_visibility=false,false,false,false,true&layers_timestamp=18641231,,,,&E=2711190.89&N=1157382.05&zoom=8\" width=\"800\" height=\"600\" frameborder=\"0\"><\/iframe><\/p><p>La capanna si trova in Val di Campo, all\u2019inizio dell\u2019Alpe di Boverina. E\u2019 un punto di partenza e d\u2019arrivo di camminate attraverso regioni alpine di una bellezza particolare. E\u2019 stata rimodernata nel 1997 e si presenta molto accogliente e d\u00e0 la possibilit\u00e0 di soggiorno sia ad escursionisti che cercano passeggiate di medio impegno che chi \u00e8 pi\u00f9 esigente.<\/p><p>\u00a0<\/p><p>[table id=3 \/]<\/p>","_et_gb_content_width":"","ngg_post_thumbnail":0,"footnotes":""},"class_list":["post-26","page","type-page","status-publish","hentry"],"_links":{"self":[{"href":"https:\/\/utoe.ch\/index.php?rest_route=\/wp\/v2\/pages\/26","targetHints":{"allow":["GET"]}}],"collection":[{"href":"https:\/\/utoe.ch\/index.php?rest_route=\/wp\/v2\/pages"}],"about":[{"href":"https:\/\/utoe.ch\/index.php?rest_route=\/wp\/v2\/types\/page"}],"author":[{"embeddable":true,"href":"https:\/\/utoe.ch\/index.php?rest_route=\/wp\/v2\/users\/1"}],"replies":[{"embeddable":true,"href":"https:\/\/utoe.ch\/index.php?rest_route=%2Fwp%2Fv2%2Fcomments&post=26"}],"version-history":[{"count":20,"href":"https:\/\/utoe.ch\/index.php?rest_route=\/wp\/v2\/pages\/26\/revisions"}],"predecessor-version":[{"id":7177,"href":"https:\/\/utoe.ch\/index.php?rest_route=\/wp\/v2\/pages\/26\/revisions\/7177"}],"wp:attachment":[{"href":"https:\/\/utoe.ch\/index.php?rest_route=%2Fwp%2Fv2%2Fmedia&parent=26"}],"curies":[{"name":"wp","href":"https:\/\/api.w.org\/{rel}","templated":true}]}}