{"id":28,"date":"2018-01-26T08:33:38","date_gmt":"2018-01-26T07:33:38","guid":{"rendered":"http:\/\/utoe.ch\/?page_id=28"},"modified":"2025-04-22T19:15:53","modified_gmt":"2025-04-22T17:15:53","slug":"capanna-gesero","status":"publish","type":"page","link":"https:\/\/utoe.ch\/?page_id=28","title":{"rendered":"Capanna Gesero"},"content":{"rendered":"<p>[et_pb_section fb_built=&#8221;1&#8243; fullwidth=&#8221;on&#8221; _builder_version=&#8221;4.16&#8243; global_colors_info=&#8221;{}&#8221;][et_pb_fullwidth_header title=&#8221;CAPANNA GESERO ALLA BISCIA &#8221; _builder_version=&#8221;4.16&#8243; title_font=&#8221;Archivo Black||||||||&#8221; title_text_color=&#8221;#0c71c3&#8243; background_color=&#8221;rgba(255, 255, 255, 0)&#8221; background_layout=&#8221;light&#8221; min_height=&#8221;198px&#8221; title_text_shadow_style=&#8221;preset2&#8243; title_text_shadow_color=&#8221;rgba(12,155,211,0.4)&#8221; global_colors_info=&#8221;{}&#8221; button_one_text_size__hover_enabled=&#8221;off&#8221; button_two_text_size__hover_enabled=&#8221;off&#8221; button_one_text_color__hover_enabled=&#8221;off&#8221; button_two_text_color__hover_enabled=&#8221;off&#8221; button_one_border_width__hover_enabled=&#8221;off&#8221; button_two_border_width__hover_enabled=&#8221;off&#8221; button_one_border_color__hover_enabled=&#8221;off&#8221; button_two_border_color__hover_enabled=&#8221;off&#8221; button_one_border_radius__hover_enabled=&#8221;off&#8221; button_two_border_radius__hover_enabled=&#8221;off&#8221; button_one_letter_spacing__hover_enabled=&#8221;off&#8221; button_two_letter_spacing__hover_enabled=&#8221;off&#8221; button_one_bg_color__hover_enabled=&#8221;off&#8221; button_two_bg_color__hover_enabled=&#8221;off&#8221;][\/et_pb_fullwidth_header][\/et_pb_section][et_pb_section fb_built=&#8221;1&#8243; _builder_version=&#8221;4.16&#8243; custom_padding=&#8221;0px|||||&#8221; global_colors_info=&#8221;{}&#8221;][et_pb_row _builder_version=&#8221;4.16&#8243; global_colors_info=&#8221;{}&#8221;][et_pb_column type=&#8221;4_4&#8243; _builder_version=&#8221;4.16&#8243; global_colors_info=&#8221;{}&#8221;][et_pb_image src=&#8221;https:\/\/utoe.ch\/wp-content\/uploads\/2022\/07\/Inaugurazione-Gesero-121.jpg&#8221; _builder_version=&#8221;4.16&#8243; global_colors_info=&#8221;{}&#8221;][\/et_pb_image][et_pb_text _builder_version=&#8221;4.16&#8243; global_colors_info=&#8221;{}&#8221;]<\/p>\n<h2 style=\"font-weight: 400;\"><strong><span style=\"color: #0000ff;\">INAUGURAZIONE Capanna Gesero alla Biscia 02.07.2022<\/span><\/strong><\/h2>\n<p style=\"font-weight: 400;\"><strong><span>Una giornata di grandi emozioni<\/span><\/strong><\/p>\n<p style=\"font-weight: 400;\"><span>In una cornice meravigliosa si \u00e8 svolta sabato 2 luglio l\u2019inaugurazione della Capanna Gesero alla Biscia. Molte autorit\u00e0, soci, amici e simpatizzanti da tutto il cantone e anche da oltre confine sono saliti fino a 2000 m.s.m per festeggiare con noi.<br \/> <\/span><span>Fra Martino Dotta, con la sua grande sensibilit\u00e0, ha dato la benedizione alla Capanna, dando inizio ai festeggiamenti.<br \/> <\/span><span>Dopo un ricco aperitivo, i partecipanti sono stati deliziati da uno squisito pranzo, cucinato dal gruppo Carnevale Asinopoli d\u2019Arbedo.<br \/> <\/span><span>I corni da Curz\u00f6nas hanno scritto la colonna sonora della giornata, con molti brani e soprattutto con la loro nuova creazione \u201c<em>Gesero<\/em>\u201d.<br \/> <\/span><span>Gioiose, profonde e riflessive parole sono state pronunciate dalle varie autorit\u00e0 presenti.<br \/> <\/span><span>Ringraziamo tutti coloro che hanno permesso l\u2019ottimale svolgimento della giornata.<br \/> <\/span><span>Auguriamo ai guardiani che questo sia solo il \u201cLA\u201d per un futuro ricco di soddisfazioni nella nuova capanna.<\/span><\/p>\n<p style=\"font-weight: 400;\"><span>Il comitato UTOE Bellinzona<\/span><\/p>\n<p style=\"font-weight: 400;\"><span>Tutta la galleria fotografica e la pagina dedicata all&#8217;evento a questo link<\/span><\/p>\n<p style=\"font-weight: 400;\"><span> &gt;&gt;&gt;&gt;&gt;&gt;&gt;&gt;\u00a0<a href=\"https:\/\/utoe.ch\/?page_id=4684\">Galleria fotografica inaugurazione capanna Gesero alla Biscia \u00a0<\/a><\/span><span>&lt;&lt;&lt;&lt;&lt;&lt;&lt;&lt;&lt;<\/span><\/p>\n<p>[\/et_pb_text][\/et_pb_column][\/et_pb_row][\/et_pb_section][et_pb_section fb_built=&#8221;1&#8243; _builder_version=&#8221;4.16&#8243; global_colors_info=&#8221;{}&#8221;][et_pb_row _builder_version=&#8221;4.16&#8243; background_size=&#8221;initial&#8221; background_position=&#8221;top_left&#8221; background_repeat=&#8221;repeat&#8221; global_colors_info=&#8221;{}&#8221;][et_pb_column type=&#8221;4_4&#8243; _builder_version=&#8221;4.16&#8243; custom_padding=&#8221;|||&#8221; global_colors_info=&#8221;{}&#8221; custom_padding__hover=&#8221;|||&#8221;][et_pb_text _builder_version=&#8221;4.16&#8243; header_text_align=&#8221;justify&#8221; text_orientation=&#8221;justified&#8221; global_colors_info=&#8221;{}&#8221;]<\/p>\n<p style=\"text-align: center;\"><iframe loading=\"lazy\" src=\"https:\/\/map.geo.admin.ch\/embed.html?lang=it&amp;topic=ech&amp;bgLayer=ch.swisstopo.pixelkarte-farbe&amp;layers=ch.swisstopo.zeitreihen,ch.bfs.gebaeude_wohnungs_register,ch.bav.haltestellen-oev,ch.swisstopo.swisstlm3d-wanderwege,ch.astra.wanderland-sperrungen_umleitungen,KML%7C%7Chttps:%2F%2Fpublic.geo.admin.ch%2FX-APlnqWTTKflam481AmYw&amp;layers_opacity=1,1,1,0.8,0.8,1&amp;layers_visibility=false,false,false,false,false,true&amp;layers_timestamp=18641231,,,,,&amp;E=2730756.14&amp;N=1115350.78&amp;zoom=9.893897507326173\" width=\"800\" height=\"600\" frameborder=\"0\" style=\"border: 0;\"><\/iframe><\/p>\n<p>[\/et_pb_text][\/et_pb_column][\/et_pb_row][et_pb_row _builder_version=&#8221;4.16&#8243; global_colors_info=&#8221;{}&#8221;][et_pb_column type=&#8221;4_4&#8243; _builder_version=&#8221;4.16&#8243; global_colors_info=&#8221;{}&#8221;][et_pb_gallery gallery_ids=&#8221;5016,5018,5015,5024,5017,5019,5020,5021,5022,5023,5025,5026,5027,5028,5029,5030,5031,5032,5033,5034,5035&#8243; show_title_and_caption=&#8221;off&#8221; _builder_version=&#8221;4.16&#8243; global_colors_info=&#8221;{}&#8221;][\/et_pb_gallery][\/et_pb_column][\/et_pb_row][et_pb_row _builder_version=&#8221;4.16&#8243; global_colors_info=&#8221;{}&#8221;][et_pb_column type=&#8221;4_4&#8243; _builder_version=&#8221;4.16&#8243; global_colors_info=&#8221;{}&#8221;][\/et_pb_column][\/et_pb_row][et_pb_row column_structure=&#8221;1_5,1_5,1_5,1_5,1_5&#8243; _builder_version=&#8221;4.16&#8243; global_colors_info=&#8221;{}&#8221;][et_pb_column type=&#8221;1_5&#8243; _builder_version=&#8221;4.16&#8243; global_colors_info=&#8221;{}&#8221;][\/et_pb_column][et_pb_column type=&#8221;1_5&#8243; _builder_version=&#8221;4.16&#8243; global_colors_info=&#8221;{}&#8221;][\/et_pb_column][et_pb_column type=&#8221;1_5&#8243; _builder_version=&#8221;4.16&#8243; global_colors_info=&#8221;{}&#8221;][et_pb_image src=&#8221;https:\/\/utoe.ch\/wp-content\/uploads\/2022\/05\/logoAET_ColoriRgb.jpg&#8221; _builder_version=&#8221;4.16&#8243; global_colors_info=&#8221;{}&#8221;][\/et_pb_image][\/et_pb_column][et_pb_column type=&#8221;1_5&#8243; _builder_version=&#8221;4.16&#8243; global_colors_info=&#8221;{}&#8221;][\/et_pb_column][et_pb_column type=&#8221;1_5&#8243; _builder_version=&#8221;4.16&#8243; global_colors_info=&#8221;{}&#8221;][\/et_pb_column][\/et_pb_row][et_pb_row _builder_version=&#8221;4.16&#8243; background_size=&#8221;initial&#8221; background_position=&#8221;top_left&#8221; background_repeat=&#8221;repeat&#8221; global_colors_info=&#8221;{}&#8221;][et_pb_column type=&#8221;4_4&#8243; _builder_version=&#8221;4.16&#8243; custom_padding=&#8221;|||&#8221; global_colors_info=&#8221;{}&#8221; custom_padding__hover=&#8221;|||&#8221;][et_pb_text _builder_version=&#8221;4.16&#8243; global_colors_info=&#8221;{}&#8221;]\n<table id=\"tablepress-4\" class=\"tablepress tablepress-id-4\">\n<tbody class=\"row-striping row-hover\">\n<tr class=\"row-1\">\n\t<td class=\"column-1\">Altitudine<\/td><td class=\"column-2\">2000 m<\/td>\n<\/tr>\n<tr class=\"row-2\">\n\t<td class=\"column-1\">Telefono<\/td><td class=\"column-2\">Tel. +41 (0) 91 835 06 44 <br \/>\n<\/td>\n<\/tr>\n<tr class=\"row-3\">\n\t<td class=\"column-1\">Natel<\/td><td class=\"column-2\">Guardiano 0793374056<\/td>\n<\/tr>\n<tr class=\"row-4\">\n\t<td class=\"column-1\">Ubicazione<\/td><td class=\"column-2\">Valle di Arbedo<\/td>\n<\/tr>\n<tr class=\"row-5\">\n\t<td class=\"column-1\">Carte<\/td><td class=\"column-2\">1:25'000 1314 Passo San Jorio<br \/>\n1:50'000 277 Roveredo<\/td>\n<\/tr>\n<tr class=\"row-6\">\n\t<td class=\"column-1\">Coordinate<\/td><td class=\"column-2\">2'730'712.500, 1'115'427.500<\/td>\n<\/tr>\n<tr class=\"row-7\">\n\t<td class=\"column-1\">Posti<\/td><td class=\"column-2\">32 posti letto + 2 per i guardiani<\/td>\n<\/tr>\n<tr class=\"row-8\">\n\t<td class=\"column-1\">Apertura<\/td><td class=\"column-2\">da maggio fino novembre, stagione invernale su prenotazione.<\/td>\n<\/tr>\n<tr class=\"row-9\">\n\t<td class=\"column-1\">Presenza guardiano<\/td><td class=\"column-2\">tutta la stagione estiva<br \/>\n<br \/>\nIn presenza del guardiano la cucina invernale pu\u00f2 essere utilizzata solo dopo che il servizio ai tavoli \u00e8 terminato.<\/td>\n<\/tr>\n<tr class=\"row-10\">\n\t<td class=\"column-1\">Prenotazioni e riservazioni<\/td><td class=\"column-2\">gesero@utoe.ch<br \/>\nnicola.riva@bluewin.ch<br \/>\n<\/td>\n<\/tr>\n<tr class=\"row-11\">\n\t<td class=\"column-1\">Bibite<\/td><td class=\"column-2\">Servite in capanna<\/td>\n<\/tr>\n<tr class=\"row-12\">\n\t<td class=\"column-1\">Vie di accesso<\/td><td class=\"column-2\">In auto fino alla capanna vecchia da Arbedo posti macchina limitati ( barriera 5.- entrata, 5.-uscita) (12 Km strada carrozzabile asfaltata).<br \/>\n<br \/>\nDa Carena: 3 h20 min<br \/>\nDa Monti di Laura: 2 h 40 min<br \/>\nDa Arbedo: 5 h<br \/>\n<\/td>\n<\/tr>\n<tr class=\"row-13\">\n\t<td class=\"column-1\">Accesso invernale<\/td><td class=\"column-2\">Chiamare i numeri di contatto che si trovano indicati alla capanna. I responsabili vi daranno un codice per sbloccare il lucchetto delle chiavi.<\/td>\n<\/tr>\n<tr class=\"row-14\">\n\t<td class=\"column-1\">Amministratore<\/td><td class=\"column-2\"><\/td>\n<\/tr>\n<tr class=\"row-15\">\n\t<td class=\"column-1\">Contatti e-mail<\/td><td class=\"column-2\"><a href=\"mailto:nicola.riva@bluewin.ch\">nicola.riva(at)bluewin.ch<\/a><br \/>\n<a href=\"mailto:gesero@utoe.ch\">gesero(at)utoe.ch<\/a><br \/>\n<\/td>\n<\/tr>\n<tr class=\"row-16\">\n\t<td class=\"column-1\">Complementi<\/td><td class=\"column-2\">Capanna completamente nuova. Accessoriata di ogni comfort. Piumoni e cuscini nelle camere. Doccia a pagamento.<\/td>\n<\/tr>\n<\/tbody>\n<\/table>\n<!-- #tablepress-4 from cache --><br \/>\n[\/et_pb_text][\/et_pb_column][\/et_pb_row][\/et_pb_section]<\/p>\n","protected":false},"excerpt":{"rendered":"<p>INAUGURAZIONE Capanna Gesero alla Biscia 02.07.2022 Una giornata di grandi emozioni In una cornice meravigliosa si \u00e8 svolta sabato 2 luglio l\u2019inaugurazione della Capanna Gesero alla Biscia. Molte autorit\u00e0, soci, amici e simpatizzanti da tutto il cantone e anche da oltre confine sono saliti fino a 2000 m.s.m per festeggiare con noi. Fra Martino Dotta, [&hellip;]<\/p>\n","protected":false},"author":1,"featured_media":0,"parent":0,"menu_order":0,"comment_status":"closed","ping_status":"closed","template":"","meta":{"_et_pb_use_builder":"on","_et_pb_old_content":"<p><iframe style=\"border: 0;\" src=\"https:\/\/map.geo.admin.ch\/embed.html?lang=it&topic=ech&bgLayer=ch.swisstopo.pixelkarte-farbe&layers=ch.swisstopo.zeitreihen,ch.bfs.gebaeude_wohnungs_register,ch.bav.haltestellen-oev,ch.swisstopo.swisstlm3d-wanderwege,KML%7C%7Chttps:%2F%2Fpublic.geo.admin.ch%2Fzs55Yy84R1ye1xUH9fQCeQ&layers_visibility=false,false,false,false,true&layers_timestamp=18641231,,,,&E=2729591.74&N=1115819.70&zoom=8\" width=\"800\" height=\"600\" frameborder=\"0\"><\/iframe><\/p><p>La capanna si trova nella pineta sopra l\u2019alpe omonimo, e ai piedi del Corno di Gesero. E\u2019 stata la prima capanna della UTOE. Inizialmente si trovava pi\u00f9 in alto nella zona denominata La Biscia ma nel 1945 \u00e9 stata trasferita nel luogo attuale e sistemata in una costruzione militare in legno.<\/p><p>E\u2019 raggiungibile sia a piedi, da diversi sentieri, o in automobili sia da Roveredo GR come pure da Arbedo (all'inizio della strada di Arbedo si trova una barriera che pu\u00f2 essere aperta pagando fr. 5.--, sia per la salita che per la discesa, bisogna informarsi se \u00e8 transitabile in auto).<\/p><p>Permette di fare numerose gite di medio impegno in una zona tipica di transizione.<\/p><p>La capanna \u00e8 il punto di arrivo e di partenza per belle escursioni nella zona, ma anche per chi vuole recarsi in quota a gustarsi un buon pranzo o cena nostrani.<\/p><p>Attualmente si stanno analizzando alcune possibilit\u00e0 per progettare una nuova capanna che dovrebbe sorgere un chilometro pi\u00f9 a Ovest sulla dorsale soliva che scende dalla Cima delle Cicogne verso il Sasso Guid\u00e0.<\/p><p>Questo luogo offre un panorama stupendo sul fondovalle.<\/p><p>[table id=4 \/]<\/p>","_et_gb_content_width":"","ngg_post_thumbnail":0,"footnotes":""},"class_list":["post-28","page","type-page","status-publish","hentry"],"_links":{"self":[{"href":"https:\/\/utoe.ch\/index.php?rest_route=\/wp\/v2\/pages\/28","targetHints":{"allow":["GET"]}}],"collection":[{"href":"https:\/\/utoe.ch\/index.php?rest_route=\/wp\/v2\/pages"}],"about":[{"href":"https:\/\/utoe.ch\/index.php?rest_route=\/wp\/v2\/types\/page"}],"author":[{"embeddable":true,"href":"https:\/\/utoe.ch\/index.php?rest_route=\/wp\/v2\/users\/1"}],"replies":[{"embeddable":true,"href":"https:\/\/utoe.ch\/index.php?rest_route=%2Fwp%2Fv2%2Fcomments&post=28"}],"version-history":[{"count":33,"href":"https:\/\/utoe.ch\/index.php?rest_route=\/wp\/v2\/pages\/28\/revisions"}],"predecessor-version":[{"id":6916,"href":"https:\/\/utoe.ch\/index.php?rest_route=\/wp\/v2\/pages\/28\/revisions\/6916"}],"wp:attachment":[{"href":"https:\/\/utoe.ch\/index.php?rest_route=%2Fwp%2Fv2%2Fmedia&parent=28"}],"curies":[{"name":"wp","href":"https:\/\/api.w.org\/{rel}","templated":true}]}}