{"id":44,"date":"2018-01-26T08:38:33","date_gmt":"2018-01-26T07:38:33","guid":{"rendered":"http:\/\/utoe.ch\/?page_id=44"},"modified":"2021-11-28T20:23:36","modified_gmt":"2021-11-28T19:23:36","slug":"regolamento-gite","status":"publish","type":"page","link":"https:\/\/utoe.ch\/?page_id=44","title":{"rendered":"Regolamento gite"},"content":{"rendered":"<p>Regole generali per le gite<\/p>\n<p>\u2022<\/p>\n<p>Ogni partecipante deve attenersi alle disposizioni dei capigita o facenti funzione ed \u00e8 tenuto a partecipare alla gita con il materiale richiesto dagli stessi.<\/p>\n<p>\u2022<\/p>\n<p>Per esigenze particolari (tempo, pericoli vari, ecc.) i capigita o la guida possono modificare o annullare la gita in ogni momento.<\/p>\n<p>\u2022<\/p>\n<p>Per le gite di scialpinismo e con le racchette, ognuno ha l\u2019obbligo di avere il Barryvox e la pala; per chi ne \u00e8 sprovvisto, la societ\u00e0 li mette a disposizione dietro pagamento.<\/p>\n<p>\u2022<\/p>\n<p>Il materiale tecnico deve essere in buono stato e adatto alle esigenze della gita.<\/p>\n<p>\u2022<\/p>\n<p>Per le gite in rampichino, sono obbligatori il casco e i guanti ed il mezzo meccanico deve essere in perfetto stato di marcia (freni, ruote, contrassegno, ecc.).<\/p>\n<p>\u2022<\/p>\n<p>Per le gite \u00e8 obbligatoria l\u2019iscrizione e deve avvenire con almeno una settimana di anticipo se \u00e8 previsto uno o pi\u00f9 pernottamenti.<\/p>\n<p>\u2022<\/p>\n<div class=\"page\" title=\"Page 12\">\n<div class=\"section\">\n<div class=\"layoutArea\">\n<div class=\"column\">\n<p>Nelle gite \u00abattivi\u00bb con guida, il compenso e le spese di vitto e alloggio della stessa saranno suddivise tra i partecipanti. L\u2019UTOE Bellinzona si riserva di versare un contributo.<\/p>\n<\/div>\n<\/div>\n<\/div>\n<\/div>\n<p>\u2022<\/p>\n<p>A dipendenza della gita (difficolt\u00e0, pernottamento in rifugio, ecc.) il numero dei partecipanti pu\u00f2 essere limitato. Far\u00e0 stato l\u2019ordine d\u2019iscrizione e la partecipazione ad altre gite della sezione.<\/p>\n<p>\u2022<\/p>\n<p>\u00c8 facolt\u00e0 dei capigita non accettare partecipanti ritenuti non idonei alla gita.<\/p>\n<p>\u2022<\/p>\n<p>Chi partecipa \u00e8 consapevole che le attivit\u00e0 svolte in montagna o in palestra presentano caratteristiche di un certo rischio. \u00c8 pertanto cosciente dell\u2019esposizione a tale rischio e alle possibili conseguenze che ne potrebbero derivare, esonerando da ogni responsabilit\u00e0 il capogita o il responsabile.<\/p>\n<p>\u2022<\/p>\n<p>\u00c8 quindi essenziale che il partecipante alle gite valuti le proprie capacit\u00e0 tecniche e fisiche alfine di non intralciarne il regolare svolgimento.<\/p>\n<p>\u2022<\/p>\n<p>Tutti i partecipanti devono avere una propria assicurazione RC e una copertura per gli infortuni.<\/p>\n<p>\u2022<\/p>\n<p>La sezione UTOE di Bellinzona non si assume alcuna responsabilit\u00e0 per coloro che non rispettano il suddetto regolamento.<\/p>\n<p>\u2022<\/p>\n<p>Determinato materiale tecnico viene messo a disposizione dalla societ\u00e0 su richiesta specifica del partecipante.<\/p>\n","protected":false},"excerpt":{"rendered":"<p>Regole generali per le gite \u2022 Ogni partecipante deve attenersi alle disposizioni dei capigita o facenti funzione ed \u00e8 tenuto a partecipare alla gita con il materiale richiesto dagli stessi. \u2022 Per esigenze particolari (tempo, pericoli vari, ecc.) i capigita o la guida possono modificare o annullare la gita in ogni momento. \u2022 Per le [&hellip;]<\/p>\n","protected":false},"author":1,"featured_media":0,"parent":0,"menu_order":0,"comment_status":"closed","ping_status":"closed","template":"","meta":{"_et_pb_use_builder":"off","_et_pb_old_content":"<p>Regole generali per le gite<\/p><p>\u2022<\/p><p>Ogni partecipante deve attenersi alle disposizioni dei capigita o facenti funzione ed \u00e8 tenuto a partecipare alla gita con il materiale richiesto dagli stessi.<\/p><p>\u2022<\/p><p>Per esigenze particolari (tempo, pericoli vari, ecc.) i capigita o la guida possono modificare o annullare la gita in ogni momento.<\/p><p>\u2022<\/p><p>Per le gite di scialpinismo e con le racchette, ognuno ha l\u2019obbligo di avere il Barryvox e la pala; per chi ne \u00e8 sprovvisto, la societ\u00e0 li mette a disposizione dietro pagamento.<\/p><p>\u2022<\/p><p>Il materiale tecnico deve essere in buono stato e adatto alle esigenze della gita.<\/p><p>\u2022<\/p><p>Per le gite in rampichino, sono obbligatori il casco e i guanti ed il mezzo meccanico deve essere in perfetto stato di marcia (freni, ruote, contrassegno, ecc.).<\/p><p>\u2022<\/p><p>Per le gite \u00e8 obbligatoria l\u2019iscrizione e deve avvenire con almeno una settimana di anticipo se \u00e8 previsto uno o pi\u00f9 pernottamenti.<\/p><p>\u2022<\/p><p>Nelle gite \u00abattivi\u00bb con guida, la sezione provvede al pagamento della stessa. Il partecipante deve comunque versare una quota di Fr. 30.- al giorno. Le spese di vitto e alloggio della guida saranno suddivise tra i partecipanti.<\/p><p>\u2022<\/p><p>A dipendenza della gita (difficolt\u00e0, pernottamento in rifugio, ecc.) il numero dei partecipanti pu\u00f2 essere limitato. Far\u00e0 stato l\u2019ordine d\u2019iscrizione e la partecipazione ad altre gite della sezione.<\/p><p>\u2022<\/p><p>\u00c8 facolt\u00e0 dei capigita non accettare partecipanti ritenuti non idonei alla gita.<\/p><p>\u2022<\/p><p>Chi partecipa \u00e8 consapevole che le attivit\u00e0 svolte in montagna o in palestra presentano caratteristiche di un certo rischio. \u00c8 pertanto cosciente dell\u2019esposizione a tale rischio e alle possibili conseguenze che ne potrebbero derivare, esonerando da ogni responsabilit\u00e0 il capogita o il responsabile.<\/p><p>\u2022<\/p><p>\u00c8 quindi essenziale che il partecipante alle gite valuti le proprie capacit\u00e0 tecniche e fisiche alfine di non intralciarne il regolare svolgimento.<\/p><p>\u2022<\/p><p>Tutti i partecipanti devono avere una propria assicurazione RC e una copertura per gli infortuni.<\/p><p>\u2022<\/p><p>La sezione UTOE di Bellinzona non si assume alcuna responsabilit\u00e0 per coloro che non rispettano il suddetto regolamento.<\/p><p>\u2022<\/p><p>Determinato materiale tecnico viene messo a disposizione dalla societ\u00e0 su richiesta specifica del partecipante.<\/p>","_et_gb_content_width":"","ngg_post_thumbnail":0,"footnotes":""},"class_list":["post-44","page","type-page","status-publish","hentry"],"_links":{"self":[{"href":"https:\/\/utoe.ch\/index.php?rest_route=\/wp\/v2\/pages\/44","targetHints":{"allow":["GET"]}}],"collection":[{"href":"https:\/\/utoe.ch\/index.php?rest_route=\/wp\/v2\/pages"}],"about":[{"href":"https:\/\/utoe.ch\/index.php?rest_route=\/wp\/v2\/types\/page"}],"author":[{"embeddable":true,"href":"https:\/\/utoe.ch\/index.php?rest_route=\/wp\/v2\/users\/1"}],"replies":[{"embeddable":true,"href":"https:\/\/utoe.ch\/index.php?rest_route=%2Fwp%2Fv2%2Fcomments&post=44"}],"version-history":[{"count":12,"href":"https:\/\/utoe.ch\/index.php?rest_route=\/wp\/v2\/pages\/44\/revisions"}],"predecessor-version":[{"id":4257,"href":"https:\/\/utoe.ch\/index.php?rest_route=\/wp\/v2\/pages\/44\/revisions\/4257"}],"wp:attachment":[{"href":"https:\/\/utoe.ch\/index.php?rest_route=%2Fwp%2Fv2%2Fmedia&parent=44"}],"curies":[{"name":"wp","href":"https:\/\/api.w.org\/{rel}","templated":true}]}}